{"id":11,"date":"2021-09-27T08:58:36","date_gmt":"2021-09-27T08:58:36","guid":{"rendered":"http:\/\/halaberlin.de\/?page_id=11"},"modified":"2021-09-27T15:41:19","modified_gmt":"2021-09-27T15:41:19","slug":"agb","status":"publish","type":"page","link":"https:\/\/halaberlin.de\/?page_id=11","title":{"rendered":"AGB"},"content":{"rendered":"\t\t<div data-elementor-type=\"wp-page\" data-elementor-id=\"11\" class=\"elementor elementor-11\" data-elementor-settings=\"[]\">\n\t\t\t\t\t\t\t<div class=\"elementor-section-wrap\">\n\t\t\t\t\t\t\t<section class=\"elementor-section elementor-top-section elementor-element elementor-element-962f26d elementor-section-boxed elementor-section-height-default elementor-section-height-default\" data-id=\"962f26d\" data-element_type=\"section\" data-settings=\"{&quot;_ha_eqh_enable&quot;:false}\">\n\t\t\t\t\t\t<div class=\"elementor-container elementor-column-gap-default\">\n\t\t\t\t\t<div class=\"elementor-column elementor-col-100 elementor-top-column elementor-element elementor-element-bd08a29\" data-id=\"bd08a29\" data-element_type=\"column\">\n\t\t\t<div class=\"elementor-widget-wrap elementor-element-populated\">\n\t\t\t\t\t\t\t\t<div class=\"elementor-element elementor-element-74b2f6b elementor-widget elementor-widget-text-editor\" data-id=\"74b2f6b\" data-element_type=\"widget\" data-widget_type=\"text-editor.default\">\n\t\t\t\t<div class=\"elementor-widget-container\">\n\t\t\t\t\t\t\t<p>Allgemeine Gesch\u00e4ftsbedingungen<\/p><p>\u00a7 1 Geltungsbereich und \u00c4nderungen dieser AGB<br \/>I. Die vorliegenden allgemeinen Gesch\u00e4ftsbedingungen (AGB) regeln das zwischen dem Kunden und Tawil Druck und Medien<br \/>(nachfolgend \u201cWerbestrategen\u201d genannt) begr\u00fcndete Vertragsverh\u00e4ltnis hinsichtlich der von Werbestrategen im Zusammenhang mit dem Werbedienst Werbestrategen angebotenen Leistungen.<\/p><p>II.Werbestrategen beh\u00e4lt sich vor, diese AGB zu \u00e4ndern. Vertragsbestandteil wird die jeweils g\u00fcltige Fassung zum Zeitpunkt des Vertragsschlusses.<\/p><p>III. Abweichende AGB des Kunden gelten nicht. Sie finden auch dann keine Anwendung, wenn Werbestrategen ihnen nicht ausdr\u00fccklich widerspricht.<\/p><p>\u00a7 2 Vertrag<\/p><p>I. Mit Abschicken einer Bestellung \u00fcber das Buchungsformular gibt der Kunde ein verbindliches Angebot ab, das von Werbestrategen innerhalb von 14 Tagen angenommen werden kann. Werbestrategen nimmt das Angebot durch Zusendung einer Email mit einer Buchungsbest\u00e4tigung und der Rechnung zur gebuchten Leistung an. Mit der Annahme wird ein rechtskr\u00e4ftiger Vertrag geschlossen, der diese AGB mit einschlie\u00dft.<\/p><p>II. Der Kunde kann den Vertrag ohne Angabe von Gr\u00fcnden schriftlich oder per Email stornieren. Im Storno falle ist Werbestrategen berechtigt, dem Kunden 25% des Auftragswertes als Stornogeb\u00fchr in Rechnung zu stellen. Nach Beginn der Dienstleistung ist nur noch die K\u00fcndigung, nicht mehr die Stornierung m\u00f6glich (siehe \u00a710 I).<\/p><p>\u00a7 3 Entgeltliche Leistungen von Werbestrategen<\/p><p>I. Nach dem Zustandekommen des Vertrages (\u00a7 2) und der Begleichung des vereinbarten Entgelts wird Werbestrategen unverz\u00fcglich mit der Erbringung der Dienstleistung beginnen.<\/p><p>II. Die Dienstleistung besteht aus den in der Auftragsbest\u00e4tigung angegebenen Leistungen. Das Vertragsverh\u00e4ltnis endet, sobald die Leistung vollumf\u00e4nglich erbracht wurde.<\/p><p>III. Werbestrategen stellt dem Kunden unentgeltlich einen online Live-Statistik-Zugang zur Verf\u00fcgung, \u00fcber den der Kunde jederzeit den Stand seiner gebuchten Kampagne einsehen kann.<\/p><p>IV. Es liegt im Ermessen von Werbestrategen, wie die vereinbarten Leistungen erbracht werden. Der Einsatz und die Platzierung der Werbemedien wird durch Werbestrategen kunden-, branchen- und auftragsbezogen vorgenommen. Werbestrategen ist berechtigt, auch w\u00e4hrend einer laufenden Kampagne Anpassungen an den eingesetzten Werbemedien und -platzierungen vorzunehmen.<\/p><p>V. Ma\u00dfgeblich f\u00fcr die Feststellung der Erbringung der Dienstleistung ist die von Werbestrategen gem\u00e4\u00df \u00a7 3 III. zur Verf\u00fcgung gestellte Statistik.<\/p><p>\u00a7 4 Pflichten des Kunden<\/p><p>I. Der Kunde wird die bei der Online-Buchung abgefragten Angaben wahrheitsgem\u00e4\u00df beantworten und Werbestrategen \u00c4nderungen dieser Angaben unverz\u00fcglich mitteilen.<\/p><p>II. Der Kunde wird sein Passwort und sonstige Daten geheim halten, die einen unbefugten Zugang \u00fcber seinen Kundenzugang erm\u00f6glichen und sie unverz\u00fcglich \u00e4ndern oder von Werbestrategen \u00e4ndern lassen, wenn Anlass zu der Vermutung besteht, dass unbefugte Dritte von diesen Informationen Kenntnis erlangt haben.<\/p><p>III. Der Kunde hat eine g\u00fcltige Emailadresse anzugeben.<\/p><p>IV. Soweit nichts anderes vereinbart wurde, ist die Zahlung der vereinbarten Dienstleistungen im Voraus zu entrichten.<\/p><p>V. Sogenannte Einweg- oder Wegwerf-Emailadressen wie sofort-mail.de, trash-mail.com, trashmail.net oder \u00e4hnliche Mailadressen sind nicht zugelassen. Auftr\u00e4ge von Kunden mit solchen Emailadressen werden nicht angenommen, da Werbestrategen bei R\u00fcckfragen oder Problemen eine M\u00f6glichkeit haben muss den Kunden zu erreichen.<\/p><p>\u00a7 5 Zul\u00e4ssige Webseiten<\/p><p>I. Seiteninhalt \u2013 Gegen Deutsche Recht versto\u00dfende Seiten sind unzul\u00e4ssig, insbesondere solche, deren Inhalte aus Kinder-Pornographie, Rassismus, Verst\u00f6\u00dfen gegen das Urheberrecht etc. bestehen.<\/p><p>II. Skripte \u2013 Auf den Seiten d\u00fcrfen keine Skripte eingesetzt werden, die das normale Surfverhalten st\u00f6ren. Dazu z\u00e4hlen insbesondere Skripte,<\/p><p>die die aktuelle Seite im Sekunden-Rhythmus in den Vordergrund setzten.<\/p><p>durch die die Seite aus einem Frame ausbrechen lassen und sich auf die gesamte Seiten vergr\u00f6\u00dfern (sog. \u201cFramebrecher\u201d).<\/p><p>die beim \u00d6ffnen, Schlie\u00dfen oder blo\u00dfen Verweilen auf der Seite weitere Fenster \u00f6ffnen (sog. \u201cPopups\u201d).<\/p><p>durch die auf einem durchschnittlichen Rechner eine 100% Prozessorauslastung verursacht wird (z.B. durch Lauftexte in der Statuszeile).<\/p><p>einen oder mehrere iFrames mit fremden Seiten enth\u00e4lt.<\/p><p>III. Bezahlte Startseiten etc. \u2013 Es d\u00fcrfen keine Mitgliederseiten von bezahlten Startseiten etc. angemeldet werden, sofern dadurch gegen die AGB dieser Anbieter versto\u00dfen wird. Wenn solche Verst\u00f6\u00dfe von Werbestrategen festgestellt werden, wird dies von Werbestrategen an den jeweiligen Anbieter weitergeleitet.<\/p><p>IV. Die in Absatz I \u2013 III aufgef\u00fchrten Kriterien sind nicht abschlie\u00dfend. Werbestrategen beh\u00e4lt sich ausdr\u00fccklich das Recht vor, Buchungen auch ohne Angabe von Gr\u00fcnden abzulehnen. Es besteht kein Anspruch auf Akzeptanz der Buchungen durch Werbestrategen.<\/p><p>\u00a7 5a Seiten mit erotischen Inhalten<\/p><p>Seiten mit erotischen Inhalten sind Zuge<\/p><p>lassen, sofern sie max. FSK 16 entsprechen.<\/p><p>\u00a7 5c Seiten mit Musik oder Sound<\/p><p>Nicht erlaubt ist die Bewerbung von Webseiten, die durch das blo\u00dfe \u00d6ffnen Musik oder anderen Sound abspielen. Es wird empfohlen, eine f\u00fcr die Bewerbung durch Werbestrategen optimierte Version der Webseite zu erstellen, die ohne Sound oder Musik auskommt.<\/p><p>\u00a7 6 Verst\u00f6\u00dfe gegen die Kriterien f\u00fcr zul\u00e4ssige Webseiten (\u00a7 5, 5a, 5b, 5c)<\/p><p>Sollte eine Seite aus einem Werbe-Account (\u00a7 3 II Nr. 1) nach der Akzeptanz durch Werbestrategen so ver\u00e4ndert werden, dass die Seite bei erneuter Vorlage zur Akzeptanz nicht mehr akzeptiert w\u00fcrde, steht Werbestrategen das Recht zu, die Bewerbung einzustellen, bis die Seite wieder den Kriterien des \u00a7 5 entspricht. Solange die Webseite gesperrt ist, wird die Seite nicht mehr beworben und es werden keine Leistungen mehr erbracht. Wird der Versto\u00df gegen die Kriterien aus \u00a7 5 innerhalb von 30 Tagen nicht behoben, dann kann Werbestrategen die Kampagne sofort beenden. Verbleibendes Guthaben f\u00fcr die Kampagne verf\u00e4llt.<\/p><p>\u00a7 7 Verantwortlichkeit f\u00fcr Inhalte<\/p><p>I. Der Kunde ist verpflichtet, Dienste, die er zur Nutzung bereith\u00e4lt oder zu denen er den Zugang zur Nutzung vermittelt, gem\u00e4\u00df den jeweiligen gesetzlichen Vorgaben seines Landes mit einer Anbieterkennzeichnung zu versehen.<\/p><p>II. Werbestrategen \u00fcbernimmt keine Haftung f\u00fcr den Inhalt von beworbenen Webseiten. Werbestrategen distanziert sich ausdr\u00fccklich von allen Inhalten und Links dieser Seiten.<\/p><p>\u00a7 8 Datenschutz<\/p><p>I. Werbestrategen und der Kunde werden die einschl\u00e4gigen gesetzlichen datenschutzrechtlichen Bestimmungen einhalten.<\/p><p>II. Der Kunde erkl\u00e4rt sich damit einverstanden, dass Werbestrategen seine pers\u00f6nlichen Daten elektronisch speichert. Die Daten werden entsprechend den Vorschriften der Deutsche Gesetzgebung zum Datenschutz behandelt. Eine Weitergabe der Daten an Dritte erfolgt nicht. Als pers\u00f6nliche Daten gelten Informationen, mit denen sich eine Identit\u00e4t ermitteln l\u00e4sst, wie Name, Anschrift oder Email-Adresse.<\/p><p>\u00a7 9 Gew\u00e4hrleistung und Haftung<\/p><p>I. Werbestrategen gew\u00e4hrleistet nicht, dass die unter \u00a7 3 genannten Leistungen durchg\u00e4ngig erbracht werden. Dies gilt insbesondere, soweit der Zugriff auf diese Leistungen durch St\u00f6rungen verhindert wird, die au\u00dferhalb der Betriebssph\u00e4re von Werbestrategen liegen.<\/p><p>II. Werbestrategen haftet f\u00fcr Sach- und Verm\u00f6genssch\u00e4den nicht, sofern diese von Werbestrategen, einem gesetzlichen Vertreter oder Erf\u00fcllungsgehilfen einfach fahrl\u00e4ssig verursacht wurden.<\/p><p>III. Werbestrategen haftet f\u00fcr die ordnungsgem\u00e4\u00dfe Erbringung der vereinbarten Leistungen.<\/p><p>IV. Werbestrategen beh\u00e4lt sich das Recht vor, das gesamte Angebot jederzeit ohne Angabe von Gr\u00fcnden einzustellen. Bereits wirksam geschlossene Vertr\u00e4ge sind davon ausgenommen und werden erf\u00fcllt.<\/p><p>\u00a7 10 K\u00fcndigung<\/p><p>I. Der Kunde kann jederzeit ohne Einhaltung einer Frist die Einstellung seiner Kampagne verlangen. Etwaiges Guthaben verf\u00e4llt und wird nicht ausgezahlt.<\/p><p>II. Manipuliert oder st\u00f6rt der Kunde die von Werbestrategen zu erbringenden Dienstleistungen, wird der Vertrag sofort beendet. Etwaiges Guthaben verf\u00e4llt und wird nicht ausgezahlt.<\/p><p>III. Werbestrategen kann den Vertrag jederzeit zum Ende eines Kalendermonats k\u00fcndigen. Etwaiges Guthaben wird an den Kunden ausgezahlt.<\/p><p>\u00a7 11 Anwendbares Recht<\/p><p>I. Es gilt das deutsche Recht unter Ausschluss des UN-Kaufrechts.<\/p><p>II. Gerichtsstand ist Berlin, Deutschland<\/p><p>\u00a7 12 Salvatorische Klausel<\/p><p>Sollten einzelne Bestimmungen dieses Vertrages unwirksam oder undurchf\u00fchrbar sein oder nach Vertragsschluss unwirksam oder undurchf\u00fchrbar werden, bleibt davon die Wirksamkeit des Vertrages im \u00dcbrigen unber\u00fchrt. An die Stelle der unwirksamen oder undurchf\u00fchrbaren Bestimmung soll diejenige wirksame und durchf\u00fchrbare Regelung treten, deren Wirkungen der wirtschaftlichen Zielsetzung am n\u00e4chsten kommen, die die Vertragsparteien mit der unwirksamen bzw. undurchf\u00fchrbaren Bestimmung verfolgt haben. Die vorstehenden Bestimmungen gelten entsprechend f\u00fcr den Fall, dass sich der Vertrag als l\u00fcckenhaft erweist.<\/p>\t\t\t\t\t\t<\/div>\n\t\t\t\t<\/div>\n\t\t\t\t\t<\/div>\n\t\t<\/div>\n\t\t\t\t\t\t\t<\/div>\n\t\t<\/section>\n\t\t\t\t\t\t<\/div>\n\t\t\t\t\t<\/div>\n\t\t","protected":false},"excerpt":{"rendered":"<p>Allgemeine Gesch\u00e4ftsbedingungen \u00a7 1 Geltungsbereich und \u00c4nderungen dieser AGBI. Die vorliegenden allgemeinen Gesch\u00e4ftsbedingungen (AGB) regeln das zwischen dem Kunden und Tawil Druck und Medien(nachfolgend \u201cWerbestrategen\u201d genannt) begr\u00fcndete Vertragsverh\u00e4ltnis hinsichtlich der von Werbestrategen im Zusammenhang mit dem Werbedienst Werbestrategen angebotenen Leistungen. II.Werbestrategen beh\u00e4lt sich vor, diese AGB zu \u00e4ndern. Vertragsbestandteil wird die jeweils g\u00fcltige Fassung zum &hellip;<\/p>\n<p class=\"read-more\"> <a class=\"\" href=\"https:\/\/halaberlin.de\/?page_id=11\"> <span class=\"screen-reader-text\">AGB<\/span> Read More &raquo;<\/a><\/p>\n","protected":false},"author":1,"featured_media":0,"parent":0,"menu_order":0,"comment_status":"closed","ping_status":"closed","template":"","meta":{"footnotes":""},"class_list":["post-11","page","type-page","status-publish","hentry"],"_links":{"self":[{"href":"https:\/\/halaberlin.de\/index.php?rest_route=\/wp\/v2\/pages\/11","targetHints":{"allow":["GET"]}}],"collection":[{"href":"https:\/\/halaberlin.de\/index.php?rest_route=\/wp\/v2\/pages"}],"about":[{"href":"https:\/\/halaberlin.de\/index.php?rest_route=\/wp\/v2\/types\/page"}],"author":[{"embeddable":true,"href":"https:\/\/halaberlin.de\/index.php?rest_route=\/wp\/v2\/users\/1"}],"replies":[{"embeddable":true,"href":"https:\/\/halaberlin.de\/index.php?rest_route=%2Fwp%2Fv2%2Fcomments&post=11"}],"version-history":[{"count":4,"href":"https:\/\/halaberlin.de\/index.php?rest_route=\/wp\/v2\/pages\/11\/revisions"}],"predecessor-version":[{"id":82,"href":"https:\/\/halaberlin.de\/index.php?rest_route=\/wp\/v2\/pages\/11\/revisions\/82"}],"wp:attachment":[{"href":"https:\/\/halaberlin.de\/index.php?rest_route=%2Fwp%2Fv2%2Fmedia&parent=11"}],"curies":[{"name":"wp","href":"https:\/\/api.w.org\/{rel}","templated":true}]}}